{"id":56,"date":"2018-07-06T21:36:17","date_gmt":"2018-07-06T19:36:17","guid":{"rendered":"http:\/\/www.true-illusions.com\/wordpress\/?page_id=56"},"modified":"2021-03-24T12:51:35","modified_gmt":"2021-03-24T11:51:35","slug":"clients","status":"publish","type":"page","link":"http:\/\/www.true-illusions.com\/en\/clients\/","title":{"rendered":"Clients"},"content":{"rendered":"<section class=\"wpb-content-wrapper\"><p>[vc_row][vc_column][vc_empty_space][vc_single_image image=&#8221;62&#8243; img_size=&#8221;1170&#215;400&#8243; alignment=&#8221;center&#8221;][vc_empty_space height=&#8221;10px&#8221;][\/vc_column][\/vc_row][vc_row][vc_column][vc_column_text]Efficiency and constant commitment are possible if we transfer our enthusiasm for technologies and quality in innovative solutions and services. With a broad portfolio, the customers that we support are companies of all sizes in many different industries.<\/p>\n<p>Please also take a look at the\u00a0<strong>TRUE ILLUSIONS<\/strong>\u00a0Business Consulting\u00a0<a href=\"http:\/\/ti-bc.com\/#customer\" target=\"_blank\" rel=\"noopener noreferrer\">customers<\/a>.<\/p>\n<p>For more references and projects made by TRUE ILLUSIONS please\u00a0contact us.<\/p>\n<p>[\/vc_column_text][\/vc_column][\/vc_row][vc_row disable_element=&#8221;yes&#8221;][vc_column width=&#8221;1\/3&#8243;][cesis_flip_box box_height=&#8221;400&#8243; box_border_size=&#8221;1&#8243; box_border_radius=&#8221;5&#8243; use_icon=&#8221;yes&#8221; i_choice=&#8221;image&#8221; image=&#8221;57&#8243; image_size=&#8221;225&#8243; heading=&#8221;TRAVEL OFFICE INSIDERREISEN&#8221; text=&#8221;www.insiderreisen.net&#8221; link=&#8221;https:\/\/www.insiderreisen.net\/&#8221; target=&#8221;_blank&#8221; back_heading=&#8221;TRAVEL OFFICE INSIDERREISEN&#8221; back_text=&#8221;Ihr Reiseb\u00fcro Spezialist f\u00fcr Reisen nach Australien, Neuseeland, S\u00fcdafrika, USA, Kanada und Japan&#8221; button_text=&#8221;Insiderreisen&#8221; button_size=&#8221;cesis_button_medium&#8221; button_radius=&#8221;5&#8243; b_use_gradient=&#8221;yes&#8221; b_hover=&#8221;3d&#8221; box_front_bg_color=&#8221;#7c95b2&#8243; box_back_bg_color=&#8221;#6d7783&#8243; heading_color=&#8221;#ffffff&#8221; back_heading_color=&#8221;#ffffff&#8221; text_color=&#8221;#ffffff&#8221; back_text_color=&#8221;#ffffff&#8221;][\/vc_column][vc_column width=&#8221;1\/3&#8243;][cesis_flip_box box_height=&#8221;400&#8243; use_icon=&#8221;yes&#8221; i_choice=&#8221;image&#8221; image=&#8221;59&#8243; image_size=&#8221;240&#8243; heading=&#8221;NEW-Z.NET&#8221; text=&#8221;Neuseeland Reisen g\u00fcnstig buchen beim Spezialisten.&#8221; link=&#8221;https:\/\/www.new-z.net\/&#8221; target=&#8221;_blank&#8221; back_heading=&#8221;NEW-Z.NET&#8221; back_text=&#8221;Neuseeland &#8211; das ist Abenteuer pur, vollkommene Entspannung oder faszinierende Besichtigungstouren &#8211; entdecken Sie die unendlich vielen M\u00f6glichkeiten!<br \/>\nErf\u00fcllen Sie sich einen Traum, entdecken Sie Neuseeland mit unseren Reisen.&#8221; button_text=&#8221;www.new-z.net&#8221; button_radius=&#8221;5&#8243; b_use_gradient=&#8221;yes&#8221; b_hover=&#8221;3d&#8221; box_front_bg_color=&#8221;#7c95b2&#8243; box_back_bg_color=&#8221;#6d7783&#8243; heading_color=&#8221;#ffffff&#8221; back_heading_color=&#8221;#ffffff&#8221; text_color=&#8221;#ffffff&#8221; back_text_color=&#8221;#ffffff&#8221;][\/vc_column][vc_column width=&#8221;1\/3&#8243;][cesis_flip_box box_height=&#8221;400&#8243; use_icon=&#8221;yes&#8221; i_choice=&#8221;image&#8221; image=&#8221;60&#8243; image_size=&#8221;225&#8243; heading=&#8221;USA REISEN&#8221; text=&#8221;Jetzt g\u00fcnstig buchen bei Amerika-Spezialisten.&#8221; link=&#8221;https:\/\/usa.xtremo.de\/&#8221; target=&#8221;_blank&#8221; back_heading=&#8221;USA.XTREMO.DE&#8221; back_text=&#8221;Preiswerte USA Rundreisen per Mietwagen, Motorrad, Camper oder Bus. Gro\u00dfe Auswahl &#8211; jetzt g\u00fcnstig buchen bei Amerika-Spezialisten.&#8221; button_text=&#8221;usa.xtremo.de&#8221; button_radius=&#8221;5&#8243; b_use_gradient=&#8221;yes&#8221; b_hover=&#8221;3d&#8221; box_front_bg_color=&#8221;#7c95b2&#8243; box_back_bg_color=&#8221;#6d7783&#8243; heading_color=&#8221;#ffffff&#8221; back_heading_color=&#8221;#ffffff&#8221; text_color=&#8221;#ffffff&#8221; back_text_color=&#8221;#ffffff&#8221;][\/vc_column][\/vc_row][vc_row][vc_column][vc_empty_space][\/vc_column][\/vc_row]<\/p>\n<\/section>","protected":false},"excerpt":{"rendered":"<p>[vc_row][vc_column][vc_empty_space][vc_single_image image=&#8221;62&#8243; img_size=&#8221;1170&#215;400&#8243; alignment=&#8221;center&#8221;][vc_empty_space height=&#8221;10px&#8221;][\/vc_column][\/vc_row][vc_row][vc_column][vc_column_text]Efficiency and constant commitment are possible if we transfer our enthusiasm for technologies and quality in innovative solutions and services. With a broad portfolio, the customers that we support are companies of all sizes in many different industries. Please also take a look at the\u00a0TRUE ILLUSIONS\u00a0Business Consulting\u00a0customers. For more references and [&hellip;]<\/p>\n","protected":false},"author":1,"featured_media":0,"parent":0,"menu_order":0,"comment_status":"closed","ping_status":"closed","template":"","meta":{"footnotes":""},"class_list":["post-56","page","type-page","status-publish","hentry"],"_links":{"self":[{"href":"http:\/\/www.true-illusions.com\/en\/wp-json\/wp\/v2\/pages\/56","targetHints":{"allow":["GET"]}}],"collection":[{"href":"http:\/\/www.true-illusions.com\/en\/wp-json\/wp\/v2\/pages"}],"about":[{"href":"http:\/\/www.true-illusions.com\/en\/wp-json\/wp\/v2\/types\/page"}],"author":[{"embeddable":true,"href":"http:\/\/www.true-illusions.com\/en\/wp-json\/wp\/v2\/users\/1"}],"replies":[{"embeddable":true,"href":"http:\/\/www.true-illusions.com\/en\/wp-json\/wp\/v2\/comments?post=56"}],"version-history":[{"count":22,"href":"http:\/\/www.true-illusions.com\/en\/wp-json\/wp\/v2\/pages\/56\/revisions"}],"predecessor-version":[{"id":155,"href":"http:\/\/www.true-illusions.com\/en\/wp-json\/wp\/v2\/pages\/56\/revisions\/155"}],"wp:attachment":[{"href":"http:\/\/www.true-illusions.com\/en\/wp-json\/wp\/v2\/media?parent=56"}],"curies":[{"name":"wp","href":"https:\/\/api.w.org\/{rel}","templated":true}]}}